{"id":6,"date":"2024-09-25T14:59:15","date_gmt":"2024-09-25T12:59:15","guid":{"rendered":"https:\/\/www.atelierefeedesign.com\/index.php\/page-de-maintenance\/"},"modified":"2024-09-25T15:00:30","modified_gmt":"2024-09-25T13:00:30","slug":"page-de-maintenance","status":"publish","type":"page","link":"https:\/\/www.atelierefeedesign.com\/","title":{"rendered":"Page de maintenance"},"content":{"rendered":"\n<div id=\"wp-block-themeisle-blocks-advanced-columns-38fdf81c\" class=\"wp-block-themeisle-blocks-advanced-columns alignfull has-2-columns has-desktop-equal-layout has-tablet-collapsedRows-layout has-mobile-collapsedRows-layout has-vertical-center has-dark-bg\"><div class=\"wp-block-themeisle-blocks-advanced-columns-overlay\"><\/div><div class=\"innerblocks-wrap\">\n<div id=\"wp-block-themeisle-blocks-advanced-column-0a1b5b8c\" class=\"wp-block-themeisle-blocks-advanced-column\">\n<figure class=\"wp-block-image size-full is-resized\"><img decoding=\"async\" src=\"https:\/\/demosites.io\/otter\/wp-content\/uploads\/sites\/664\/2022\/09\/placeholder-img-21-1.png\" alt=\"\" class=\"wp-image-388\" style=\"width:522px;height:360px\"\/><\/figure>\n<\/div>\n\n\n\n<div id=\"wp-block-themeisle-blocks-advanced-column-efa311e1\" class=\"wp-block-themeisle-blocks-advanced-column\">\n<h1 id=\"wp-block-themeisle-blocks-advanced-heading-341a26ad\" class=\"wp-block-themeisle-blocks-advanced-heading wp-block-themeisle-blocks-advanced-heading-341a26ad\">Atelier Efee Design<\/h1>\n\n\n\n<h2 id=\"wp-block-themeisle-blocks-advanced-heading-ba3a930f\" class=\"wp-block-themeisle-blocks-advanced-heading wp-block-themeisle-blocks-advanced-heading-ba3a930f\">Excusez-nous pour la g\u00eane occasionn\u00e9e. Notre site web est actuellement en maintenance.<br>Un site internet r\u00e9alis\u00e9 avec le concours de la formation<br><a rel=\"noreferrer noopener\" href=\"https:\/\/www.cma66.fr\/formations\/numerique\/site-internet-cle-en-main-formation-wordpress\/\" target=\"_blank\">Site Internet cl\u00e9 en main<\/a><br>de la<\/h2>\n\n\n\n<figure class=\"wp-block-image size-large\"><a href=\"https:\/\/www.cma66.fr\/\"><img decoding=\"async\" src=\"https:\/\/www.cma66.fr\/wp-content\/uploads\/2022\/12\/logo-cma-pyrenees-orientales-horizontal-blanc.png\" alt=\"\"\/><\/a><\/figure>\n<\/div>\n<\/div><\/div>\n","protected":false},"excerpt":{"rendered":"","protected":false},"author":2,"featured_media":0,"parent":0,"menu_order":0,"comment_status":"closed","ping_status":"closed","template":"templates\/wpmm-page-template.php","meta":{"kt_blocks_editor_width":"","_themeisle_gutenberg_block_has_review":false,"footnotes":""},"class_list":["post-6","page","type-page","status-publish","hentry"],"yoast_head":"<!-- This site is optimized with the Yoast SEO plugin v27.4 - https:\/\/yoast.com\/product\/yoast-seo-wordpress\/ -->\n<title>Page de maintenance - l&#039;Atelier \u00e9F\u00e9E Design<\/title>\n<meta name=\"robots\" content=\"index, follow, max-snippet:-1, max-image-preview:large, max-video-preview:-1\" \/>\n<link rel=\"canonical\" href=\"https:\/\/www.atelierefeedesign.com\/index.php\/page-de-maintenance\/\" \/>\n<meta property=\"og:locale\" content=\"fr_FR\" \/>\n<meta property=\"og:type\" content=\"article\" \/>\n<meta property=\"og:title\" content=\"Page de maintenance - l&#039;Atelier \u00e9F\u00e9E Design\" \/>\n<meta property=\"og:url\" content=\"https:\/\/www.atelierefeedesign.com\/index.php\/page-de-maintenance\/\" \/>\n<meta property=\"og:site_name\" content=\"l&#039;Atelier \u00e9F\u00e9E Design\" \/>\n<meta property=\"article:modified_time\" content=\"2024-09-25T13:00:30+00:00\" \/>\n<meta name=\"twitter:card\" content=\"summary_large_image\" \/>\n<script type=\"application\/ld+json\" class=\"yoast-schema-graph\">{\"@context\":\"https:\\\/\\\/schema.org\",\"@graph\":[{\"@type\":\"WebPage\",\"@id\":\"https:\\\/\\\/www.atelierefeedesign.com\\\/index.php\\\/page-de-maintenance\\\/\",\"url\":\"https:\\\/\\\/www.atelierefeedesign.com\\\/index.php\\\/page-de-maintenance\\\/\",\"name\":\"Page de maintenance - l&#039;Atelier \u00e9F\u00e9E Design\",\"isPartOf\":{\"@id\":\"https:\\\/\\\/www.atelierefeedesign.com\\\/#website\"},\"primaryImageOfPage\":{\"@id\":\"https:\\\/\\\/www.atelierefeedesign.com\\\/index.php\\\/page-de-maintenance\\\/#primaryimage\"},\"image\":{\"@id\":\"https:\\\/\\\/www.atelierefeedesign.com\\\/index.php\\\/page-de-maintenance\\\/#primaryimage\"},\"thumbnailUrl\":\"https:\\\/\\\/demosites.io\\\/otter\\\/wp-content\\\/uploads\\\/sites\\\/664\\\/2022\\\/09\\\/placeholder-img-21-1.png\",\"datePublished\":\"2024-09-25T12:59:15+00:00\",\"dateModified\":\"2024-09-25T13:00:30+00:00\",\"breadcrumb\":{\"@id\":\"https:\\\/\\\/www.atelierefeedesign.com\\\/index.php\\\/page-de-maintenance\\\/#breadcrumb\"},\"inLanguage\":\"fr-FR\",\"potentialAction\":[{\"@type\":\"ReadAction\",\"target\":[\"https:\\\/\\\/www.atelierefeedesign.com\\\/index.php\\\/page-de-maintenance\\\/\"]}]},{\"@type\":\"ImageObject\",\"inLanguage\":\"fr-FR\",\"@id\":\"https:\\\/\\\/www.atelierefeedesign.com\\\/index.php\\\/page-de-maintenance\\\/#primaryimage\",\"url\":\"https:\\\/\\\/demosites.io\\\/otter\\\/wp-content\\\/uploads\\\/sites\\\/664\\\/2022\\\/09\\\/placeholder-img-21-1.png\",\"contentUrl\":\"https:\\\/\\\/demosites.io\\\/otter\\\/wp-content\\\/uploads\\\/sites\\\/664\\\/2022\\\/09\\\/placeholder-img-21-1.png\"},{\"@type\":\"BreadcrumbList\",\"@id\":\"https:\\\/\\\/www.atelierefeedesign.com\\\/index.php\\\/page-de-maintenance\\\/#breadcrumb\",\"itemListElement\":[{\"@type\":\"ListItem\",\"position\":1,\"name\":\"Accueil\",\"item\":\"https:\\\/\\\/www.atelierefeedesign.com\\\/index.php\\\/page-de-maintenance\\\/\"},{\"@type\":\"ListItem\",\"position\":2,\"name\":\"Page de maintenance\"}]},{\"@type\":\"WebSite\",\"@id\":\"https:\\\/\\\/www.atelierefeedesign.com\\\/#website\",\"url\":\"https:\\\/\\\/www.atelierefeedesign.com\\\/\",\"name\":\"l'Atelier \u00e9F\u00e9E Design\",\"description\":\"Cr\u00e9ations d&#039;Objets D\u00e9co Recycl\u00e9s\",\"publisher\":{\"@id\":\"https:\\\/\\\/www.atelierefeedesign.com\\\/#organization\"},\"potentialAction\":[{\"@type\":\"SearchAction\",\"target\":{\"@type\":\"EntryPoint\",\"urlTemplate\":\"https:\\\/\\\/www.atelierefeedesign.com\\\/?s={search_term_string}\"},\"query-input\":{\"@type\":\"PropertyValueSpecification\",\"valueRequired\":true,\"valueName\":\"search_term_string\"}}],\"inLanguage\":\"fr-FR\"},{\"@type\":\"Organization\",\"@id\":\"https:\\\/\\\/www.atelierefeedesign.com\\\/#organization\",\"name\":\"l'Atelier \u00e9F\u00e9E Design\",\"url\":\"https:\\\/\\\/www.atelierefeedesign.com\\\/\",\"logo\":{\"@type\":\"ImageObject\",\"inLanguage\":\"fr-FR\",\"@id\":\"https:\\\/\\\/www.atelierefeedesign.com\\\/#\\\/schema\\\/logo\\\/image\\\/\",\"url\":\"https:\\\/\\\/www.atelierefeedesign.com\\\/wp-content\\\/uploads\\\/2024\\\/11\\\/logo-atelier-efe-design-369x369-1.png\",\"contentUrl\":\"https:\\\/\\\/www.atelierefeedesign.com\\\/wp-content\\\/uploads\\\/2024\\\/11\\\/logo-atelier-efe-design-369x369-1.png\",\"width\":369,\"height\":369,\"caption\":\"l'Atelier \u00e9F\u00e9E Design\"},\"image\":{\"@id\":\"https:\\\/\\\/www.atelierefeedesign.com\\\/#\\\/schema\\\/logo\\\/image\\\/\"}}]}<\/script>\n<!-- \/ Yoast SEO plugin. -->","yoast_head_json":{"title":"Page de maintenance - l&#039;Atelier \u00e9F\u00e9E Design","robots":{"index":"index","follow":"follow","max-snippet":"max-snippet:-1","max-image-preview":"max-image-preview:large","max-video-preview":"max-video-preview:-1"},"canonical":"https:\/\/www.atelierefeedesign.com\/index.php\/page-de-maintenance\/","og_locale":"fr_FR","og_type":"article","og_title":"Page de maintenance - l&#039;Atelier \u00e9F\u00e9E Design","og_url":"https:\/\/www.atelierefeedesign.com\/index.php\/page-de-maintenance\/","og_site_name":"l&#039;Atelier \u00e9F\u00e9E Design","article_modified_time":"2024-09-25T13:00:30+00:00","twitter_card":"summary_large_image","schema":{"@context":"https:\/\/schema.org","@graph":[{"@type":"WebPage","@id":"https:\/\/www.atelierefeedesign.com\/index.php\/page-de-maintenance\/","url":"https:\/\/www.atelierefeedesign.com\/index.php\/page-de-maintenance\/","name":"Page de maintenance - l&#039;Atelier \u00e9F\u00e9E Design","isPartOf":{"@id":"https:\/\/www.atelierefeedesign.com\/#website"},"primaryImageOfPage":{"@id":"https:\/\/www.atelierefeedesign.com\/index.php\/page-de-maintenance\/#primaryimage"},"image":{"@id":"https:\/\/www.atelierefeedesign.com\/index.php\/page-de-maintenance\/#primaryimage"},"thumbnailUrl":"https:\/\/demosites.io\/otter\/wp-content\/uploads\/sites\/664\/2022\/09\/placeholder-img-21-1.png","datePublished":"2024-09-25T12:59:15+00:00","dateModified":"2024-09-25T13:00:30+00:00","breadcrumb":{"@id":"https:\/\/www.atelierefeedesign.com\/index.php\/page-de-maintenance\/#breadcrumb"},"inLanguage":"fr-FR","potentialAction":[{"@type":"ReadAction","target":["https:\/\/www.atelierefeedesign.com\/index.php\/page-de-maintenance\/"]}]},{"@type":"ImageObject","inLanguage":"fr-FR","@id":"https:\/\/www.atelierefeedesign.com\/index.php\/page-de-maintenance\/#primaryimage","url":"https:\/\/demosites.io\/otter\/wp-content\/uploads\/sites\/664\/2022\/09\/placeholder-img-21-1.png","contentUrl":"https:\/\/demosites.io\/otter\/wp-content\/uploads\/sites\/664\/2022\/09\/placeholder-img-21-1.png"},{"@type":"BreadcrumbList","@id":"https:\/\/www.atelierefeedesign.com\/index.php\/page-de-maintenance\/#breadcrumb","itemListElement":[{"@type":"ListItem","position":1,"name":"Accueil","item":"https:\/\/www.atelierefeedesign.com\/index.php\/page-de-maintenance\/"},{"@type":"ListItem","position":2,"name":"Page de maintenance"}]},{"@type":"WebSite","@id":"https:\/\/www.atelierefeedesign.com\/#website","url":"https:\/\/www.atelierefeedesign.com\/","name":"l'Atelier \u00e9F\u00e9E Design","description":"Cr\u00e9ations d&#039;Objets D\u00e9co Recycl\u00e9s","publisher":{"@id":"https:\/\/www.atelierefeedesign.com\/#organization"},"potentialAction":[{"@type":"SearchAction","target":{"@type":"EntryPoint","urlTemplate":"https:\/\/www.atelierefeedesign.com\/?s={search_term_string}"},"query-input":{"@type":"PropertyValueSpecification","valueRequired":true,"valueName":"search_term_string"}}],"inLanguage":"fr-FR"},{"@type":"Organization","@id":"https:\/\/www.atelierefeedesign.com\/#organization","name":"l'Atelier \u00e9F\u00e9E Design","url":"https:\/\/www.atelierefeedesign.com\/","logo":{"@type":"ImageObject","inLanguage":"fr-FR","@id":"https:\/\/www.atelierefeedesign.com\/#\/schema\/logo\/image\/","url":"https:\/\/www.atelierefeedesign.com\/wp-content\/uploads\/2024\/11\/logo-atelier-efe-design-369x369-1.png","contentUrl":"https:\/\/www.atelierefeedesign.com\/wp-content\/uploads\/2024\/11\/logo-atelier-efe-design-369x369-1.png","width":369,"height":369,"caption":"l'Atelier \u00e9F\u00e9E Design"},"image":{"@id":"https:\/\/www.atelierefeedesign.com\/#\/schema\/logo\/image\/"}}]}},"_links":{"self":[{"href":"https:\/\/www.atelierefeedesign.com\/index.php\/wp-json\/wp\/v2\/pages\/6","targetHints":{"allow":["GET"]}}],"collection":[{"href":"https:\/\/www.atelierefeedesign.com\/index.php\/wp-json\/wp\/v2\/pages"}],"about":[{"href":"https:\/\/www.atelierefeedesign.com\/index.php\/wp-json\/wp\/v2\/types\/page"}],"author":[{"embeddable":true,"href":"https:\/\/www.atelierefeedesign.com\/index.php\/wp-json\/wp\/v2\/users\/2"}],"replies":[{"embeddable":true,"href":"https:\/\/www.atelierefeedesign.com\/index.php\/wp-json\/wp\/v2\/comments?post=6"}],"version-history":[{"count":3,"href":"https:\/\/www.atelierefeedesign.com\/index.php\/wp-json\/wp\/v2\/pages\/6\/revisions"}],"predecessor-version":[{"id":10,"href":"https:\/\/www.atelierefeedesign.com\/index.php\/wp-json\/wp\/v2\/pages\/6\/revisions\/10"}],"wp:attachment":[{"href":"https:\/\/www.atelierefeedesign.com\/index.php\/wp-json\/wp\/v2\/media?parent=6"}],"curies":[{"name":"wp","href":"https:\/\/api.w.org\/{rel}","templated":true}]}}